{"id":48,"date":"2022-09-28T15:55:31","date_gmt":"2022-09-28T15:55:31","guid":{"rendered":"https:\/\/crediefectivo.webparaguay.com\/?page_id=48"},"modified":"2022-12-07T14:01:42","modified_gmt":"2022-12-07T14:01:42","slug":"48-2","status":"publish","type":"page","link":"https:\/\/crediefectivosa.com.py\/?page_id=48","title":{"rendered":"Solicitar Cr\u00e9dito"},"content":{"rendered":"<p>[et_pb_section fb_built=\u00bb1&#8243; _builder_version=\u00bb4.18.0&#8243; _module_preset=\u00bbdefault\u00bb background_color=\u00bb#124b96&#8243; custom_margin=\u00bb0px|0px|0px|0px|false|false\u00bb custom_padding=\u00bb0px|0px|0px|0px|false|false\u00bb border_radii=\u00bboff||||\u00bb border_width_all=\u00bb3px\u00bb border_color_all=\u00bb#FFFFFF\u00bb global_colors_info=\u00bb{}\u00bb][et_pb_row _builder_version=\u00bb4.18.0&#8243; _module_preset=\u00bbdefault\u00bb global_colors_info=\u00bb{}\u00bb][et_pb_column type=\u00bb4_4&#8243; _builder_version=\u00bb4.18.0&#8243; _module_preset=\u00bbdefault\u00bb global_colors_info=\u00bb{}\u00bb][et_pb_text _builder_version=\u00bb4.18.0&#8243; _module_preset=\u00bbdefault\u00bb global_colors_info=\u00bb{}\u00bb]<\/p>\n<h1 style=\"text-align: center;\">COMPLETA EL FORMULARIO Y SOLICITA TU CR\u00c9DITO<\/h1>\n<p>[\/et_pb_text][\/et_pb_column][\/et_pb_row][\/et_pb_section][et_pb_section fb_built=\u00bb1&#8243; _builder_version=\u00bb4.18.0&#8243; _module_preset=\u00bbdefault\u00bb use_background_color_gradient=\u00bbon\u00bb background_color_gradient_direction=\u00bb90deg\u00bb background_color_gradient_stops=\u00bb#77c05f 0%|rgba(255,255,255,0) 100%\u00bb background_color_gradient_overlays_image=\u00bbon\u00bb background_image=\u00bbhttps:\/\/crediefectivosa.com.py\/wp-content\/uploads\/2022\/09\/slide1_small.png\u00bb custom_margin=\u00bb0px|0px|0px|0px|false|false\u00bb custom_padding=\u00bb0px|0px|0px|0px|false|false\u00bb global_colors_info=\u00bb{}\u00bb][et_pb_row column_structure=\u00bb1_2,1_2&#8243; _builder_version=\u00bb4.18.0&#8243; _module_preset=\u00bbdefault\u00bb width=\u00bb100%\u00bb global_colors_info=\u00bb{}\u00bb][et_pb_column type=\u00bb1_2&#8243; _builder_version=\u00bb4.18.0&#8243; _module_preset=\u00bbdefault\u00bb border_width_all=\u00bb2px\u00bb border_color_all=\u00bb#FFFFFF\u00bb global_colors_info=\u00bb{}\u00bb][et_pb_contact_form email=\u00bbcorreo@crediefectivosa.com.py\u00bb _builder_version=\u00bb4.18.0&#8243; _module_preset=\u00bbdefault\u00bb _unique_id=\u00bb6d37cec1-16f1-4e09-90ca-0191c60fa81a\u00bb background_color=\u00bb#77c05f\u00bb custom_button=\u00bbon\u00bb button_text_color=\u00bb#FFFFFF\u00bb custom_padding=\u00bb15px|10px|15px|10px|false|false\u00bb hover_enabled=\u00bb0&#8243; global_colors_info=\u00bb{}\u00bb success_message=\u00bbSu solicitud fue enviado exitosamente\u00bb custom_message=\u00bb&#8211;Nueva solicitud de cr\u00e9dito desde la web&#8211;||et_pb_line_break_holder||||et_pb_line_break_holder||Monto a solicitar: %%monto%%||et_pb_line_break_holder||Sucursal a retirar: %%sucursal%%||et_pb_line_break_holder||Nombre: %%nombre%% %%apellido%%||et_pb_line_break_holder||Documento de identidad: %%Documento%%||et_pb_line_break_holder||Fecha de nacimiento: %%fec_nacimiento%%||et_pb_line_break_holder||Situaci\u00f3n Laboral: %%situacion_lab%%||et_pb_line_break_holder||ingresos mensuales: %%ingresos%%||et_pb_line_break_holder||Tel\u00e9fono: %%telefono%%||et_pb_line_break_holder||correo electr\u00f3nico: %%email%%\u00bb sticky_enabled=\u00bb0&#8243;][et_pb_contact_field field_id=\u00bbmonto\u00bb field_title=\u00bbMonto a solicitar\u00bb field_type=\u00bbselect\u00bb select_options=\u00bb%91{%22value%22:%222.000.000 o menos%22,%22checked%22:0,%22dragID%22:-1},{%22value%22:%222.000.000 a 5.000.000%22,%22checked%22:0,%22dragID%22:0},{%22dragID%22:1,%22value%22:%225.000.000 a 15.000.000%22,%22checked%22:0},{%22dragID%22:2,%22value%22:%2215.000.000 a 50.000.000%22,%22checked%22:0},{%22value%22:%2250.000.000 o mas%22,%22checked%22:0,%22dragID%22:3}%93&#8243; fullwidth_field=\u00bbon\u00bb _builder_version=\u00bb4.18.0&#8243; _module_preset=\u00bbdefault\u00bb hover_enabled=\u00bb0&#8243; global_colors_info=\u00bb{}\u00bb sticky_enabled=\u00bb0&#8243;][\/et_pb_contact_field][et_pb_contact_field field_id=\u00bbsucursal\u00bb field_title=\u00bbSucursal a retirar\u00bb field_type=\u00bbselect\u00bb select_options=\u00bb%91{%22value%22:%22Casa Matriz &#8211; San Lorenzo%22,%22checked%22:0,%22dragID%22:-1},{%22value%22:%22Sucursal &#8211; Asunci\u00f3n%22,%22checked%22:0,%22dragID%22:0},{%22value%22:%22Otro%22,%22checked%22:0,%22dragID%22:1}%93&#8243; fullwidth_field=\u00bbon\u00bb _builder_version=\u00bb4.18.0&#8243; _module_preset=\u00bbdefault\u00bb global_colors_info=\u00bb{}\u00bb][\/et_pb_contact_field][et_pb_contact_field field_id=\u00bbnombre\u00bb field_title=\u00bbNombre\u00bb _builder_version=\u00bb4.18.0&#8243; _module_preset=\u00bbdefault\u00bb global_colors_info=\u00bb{}\u00bb][\/et_pb_contact_field][et_pb_contact_field field_id=\u00bbapellidos\u00bb field_title=\u00bbApellidos\u00bb _builder_version=\u00bb4.18.0&#8243; _module_preset=\u00bbdefault\u00bb global_colors_info=\u00bb{}\u00bb][\/et_pb_contact_field][et_pb_contact_field field_id=\u00bbDocumento\u00bb field_title=\u00bbDocumento de identidad\u00bb allowed_symbols=\u00bbnumbers\u00bb fullwidth_field=\u00bbon\u00bb _builder_version=\u00bb4.18.0&#8243; _module_preset=\u00bbdefault\u00bb global_colors_info=\u00bb{}\u00bb][\/et_pb_contact_field][et_pb_contact_field field_id=\u00bbfec_nacimiento\u00bb field_title=\u00bbFecha de Nacimiento (DD\/MM\/AAAA)\u00bb fullwidth_field=\u00bbon\u00bb _builder_version=\u00bb4.18.0&#8243; _module_preset=\u00bbdefault\u00bb global_colors_info=\u00bb{}\u00bb][\/et_pb_contact_field][et_pb_contact_field field_id=\u00bbsituacion_lab\u00bb field_title=\u00bbSituaci\u00f3n Laboral\u00bb field_type=\u00bbselect\u00bb select_options=\u00bb%91{%22value%22:%22Profesional Independiente%22,%22checked%22:0,%22dragID%22:-1},{%22value%22:%22Empleado Privado%22,%22checked%22:0,%22dragID%22:0},{%22value%22:%22Empleado P\u00fablico Contratado%22,%22checked%22:0,%22dragID%22:1},{%22value%22:%22Empleado P\u00fablico Permanente%22,%22checked%22:0,%22dragID%22:2},{%22value%22:%22Empleado Bancario%22,%22checked%22:0,%22dragID%22:3},{%22value%22:%22Jubilado o Pensionado %22,%22checked%22:0,%22dragID%22:4},{%22value%22:%22Jubilado Bancario%22,%22checked%22:0,%22dragID%22:5},{%22value%22:%22Polic\u00eda o Militar%22,%22checked%22:0,%22dragID%22:6},{%22value%22:%22Desempleado%22,%22checked%22:0,%22dragID%22:7}%93&#8243; _builder_version=\u00bb4.18.0&#8243; _module_preset=\u00bbdefault\u00bb global_colors_info=\u00bb{}\u00bb][\/et_pb_contact_field][et_pb_contact_field field_id=\u00bbingresos\u00bb field_title=\u00bbIngresos mensuales\u00bb field_type=\u00bbselect\u00bb select_options=\u00bb%91{%22value%22:%22menos de 2.000.000%22,%22checked%22:0,%22dragID%22:-1},{%22value%22:%222.000.000 a 4.999.999%22,%22checked%22:0,%22dragID%22:0},{%22value%22:%225.000.000 a 9.999.999%22,%22checked%22:0,%22dragID%22:1},{%22value%22:%2210.000.000 o m\u00e1s%22,%22checked%22:0,%22dragID%22:2}%93&#8243; _builder_version=\u00bb4.18.0&#8243; _module_preset=\u00bbdefault\u00bb global_colors_info=\u00bb{}\u00bb][\/et_pb_contact_field][et_pb_contact_field field_id=\u00bbtelefono\u00bb field_title=\u00bbTel\u00e9fono\u00bb fullwidth_field=\u00bbon\u00bb _builder_version=\u00bb4.18.0&#8243; _module_preset=\u00bbdefault\u00bb global_colors_info=\u00bb{}\u00bb][\/et_pb_contact_field][et_pb_contact_field field_id=\u00bbemail\u00bb field_title=\u00bbCorreo electr\u00f3nico\u00bb fullwidth_field=\u00bbon\u00bb _builder_version=\u00bb4.18.0&#8243; _module_preset=\u00bbdefault\u00bb global_colors_info=\u00bb{}\u00bb][\/et_pb_contact_field][\/et_pb_contact_form][\/et_pb_column][et_pb_column type=\u00bb1_2&#8243; _builder_version=\u00bb4.18.0&#8243; _module_preset=\u00bbdefault\u00bb global_colors_info=\u00bb{}\u00bb][\/et_pb_column][\/et_pb_row][\/et_pb_section]<\/p>\n","protected":false},"excerpt":{"rendered":"<p>COMPLETA EL FORMULARIO Y SOLICITA TU CR\u00c9DITO<\/p>\n","protected":false},"author":1,"featured_media":0,"parent":0,"menu_order":0,"comment_status":"closed","ping_status":"closed","template":"","meta":{"_et_pb_use_builder":"on","_et_pb_old_content":"","_et_gb_content_width":"","footnotes":""},"class_list":["post-48","page","type-page","status-publish","hentry"],"_links":{"self":[{"href":"https:\/\/crediefectivosa.com.py\/index.php?rest_route=\/wp\/v2\/pages\/48","targetHints":{"allow":["GET"]}}],"collection":[{"href":"https:\/\/crediefectivosa.com.py\/index.php?rest_route=\/wp\/v2\/pages"}],"about":[{"href":"https:\/\/crediefectivosa.com.py\/index.php?rest_route=\/wp\/v2\/types\/page"}],"author":[{"embeddable":true,"href":"https:\/\/crediefectivosa.com.py\/index.php?rest_route=\/wp\/v2\/users\/1"}],"replies":[{"embeddable":true,"href":"https:\/\/crediefectivosa.com.py\/index.php?rest_route=%2Fwp%2Fv2%2Fcomments&post=48"}],"version-history":[{"count":9,"href":"https:\/\/crediefectivosa.com.py\/index.php?rest_route=\/wp\/v2\/pages\/48\/revisions"}],"predecessor-version":[{"id":258,"href":"https:\/\/crediefectivosa.com.py\/index.php?rest_route=\/wp\/v2\/pages\/48\/revisions\/258"}],"wp:attachment":[{"href":"https:\/\/crediefectivosa.com.py\/index.php?rest_route=%2Fwp%2Fv2%2Fmedia&parent=48"}],"curies":[{"name":"wp","href":"https:\/\/api.w.org\/{rel}","templated":true}]}}