{"id":35,"date":"2022-09-26T21:55:39","date_gmt":"2022-09-26T21:55:39","guid":{"rendered":"https:\/\/crediefectivo.webparaguay.com\/?page_id=35"},"modified":"2022-11-29T16:54:45","modified_gmt":"2022-11-29T16:54:45","slug":"35-2","status":"publish","type":"page","link":"https:\/\/crediefectivosa.com.py\/?page_id=35","title":{"rendered":"Nosotros"},"content":{"rendered":"<p>[et_pb_section fb_built=\u00bb1&#8243; _builder_version=\u00bb4.18.0&#8243; _module_preset=\u00bbdefault\u00bb use_background_color_gradient=\u00bbon\u00bb background_color_gradient_direction=\u00bb90deg\u00bb background_color_gradient_stops=\u00bb#77c05f 0%|rgba(255,255,255,0) 100%\u00bb background_color_gradient_overlays_image=\u00bbon\u00bb background_image=\u00bbhttps:\/\/crediefectivosa.com.py\/wp-content\/uploads\/2022\/09\/nosotros.png\u00bb custom_margin=\u00bb0px|0px|0px|0px|false|false\u00bb custom_padding=\u00bb0px|0px|0px|0px|false|false\u00bb global_colors_info=\u00bb{}\u00bb][et_pb_row column_structure=\u00bb2_5,3_5&#8243; _builder_version=\u00bb4.18.0&#8243; _module_preset=\u00bbdefault\u00bb custom_margin=\u00bb0px||0px||false|false\u00bb custom_padding=\u00bb0px|0px|0px|0px|false|false\u00bb global_colors_info=\u00bb{}\u00bb][et_pb_column type=\u00bb2_5&#8243; _builder_version=\u00bb4.18.0&#8243; _module_preset=\u00bbdefault\u00bb custom_padding=\u00bb|0px||0px|false|false\u00bb global_colors_info=\u00bb{}\u00bb][et_pb_text _builder_version=\u00bb4.18.0&#8243; _module_preset=\u00bbdefault\u00bb background_color=\u00bb#77c05f\u00bb custom_margin=\u00bb15px|15px|15px|15px|true|true\u00bb custom_padding=\u00bb10px|10px|10px|10px|true|true\u00bb border_width_all=\u00bb2px\u00bb border_color_all=\u00bb#FFFFFF\u00bb global_colors_info=\u00bb{}\u00bb]<\/p>\n<h1>Historia<\/h1>\n<p><span>Nuestra empresa es fundada en el mes de Setiembre del a\u00f1o 1.986, por un grupo peque\u00f1o de colegas de la facultad de Ciencias Econ\u00f3micas de la U.N.A., los que con su aporte de experiencia, capital y mano de obra, dieron inicio a la empresa que en la actualidad es denominada <em>Credi-Efectivo Sociedad An\u00f3nima<\/em>.<\/span><\/p>\n<p><span>Desde entonces, hemos crecido con pasos firmes y seguros, a\u00f1o a a\u00f1o, aumentando nuestra cartera de clientes, como as\u00ed tambi\u00e9n, nuestro capital operativo.<\/span><\/p>\n<p><span>En el a\u00f1o 2.002, abrimos una nueva oficina en Asunci\u00f3n. <\/span><\/p>\n<p><span>En la actualidad, contamos con local propio en pleno centro capitalino, y seguimos con nuestra oficina de la ciudad de San Lorenzo.<\/span><\/p>\n<p>[\/et_pb_text][\/et_pb_column][et_pb_column type=\u00bb3_5&#8243; _builder_version=\u00bb4.18.0&#8243; _module_preset=\u00bbdefault\u00bb background_image=\u00bbhttps:\/\/crediefectivosa.com.py\/wp-content\/uploads\/2022\/09\/nosotros.png\u00bb global_colors_info=\u00bb{}\u00bb][\/et_pb_column][\/et_pb_row][\/et_pb_section][et_pb_section fb_built=\u00bb1&#8243; _builder_version=\u00bb4.18.0&#8243; _module_preset=\u00bbdefault\u00bb use_background_color_gradient=\u00bbon\u00bb background_color_gradient_direction=\u00bb90deg\u00bb background_color_gradient_stops=\u00bb#124b96 36%|#77c05f 36%|#77c05f 64%|#3e79ba 64%\u00bb custom_margin=\u00bb0px|0px|0px|0px|false|false\u00bb custom_padding=\u00bb0px|0px|0px|0px|false|false\u00bb global_colors_info=\u00bb{}\u00bb][et_pb_row column_structure=\u00bb1_3,1_3,1_3&#8243; _builder_version=\u00bb4.18.0&#8243; _module_preset=\u00bbdefault\u00bb width=\u00bb100%\u00bb max_width=\u00bb100%\u00bb module_alignment=\u00bbcenter\u00bb custom_margin=\u00bb0px|0px|0px|0px|false|false\u00bb custom_padding=\u00bb0px|0px|0px|0px|false|false\u00bb global_colors_info=\u00bb{}\u00bb][et_pb_column type=\u00bb1_3&#8243; _builder_version=\u00bb4.18.0&#8243; _module_preset=\u00bbdefault\u00bb background_color=\u00bb#124b96&#8243; global_colors_info=\u00bb{}\u00bb][et_pb_text _builder_version=\u00bb4.18.0&#8243; _module_preset=\u00bbdefault\u00bb background_color=\u00bb#124b96&#8243; custom_margin=\u00bb15px|15px|15px|15px|true|true\u00bb custom_padding=\u00bb10px|10px|10px|10px|true|true\u00bb border_width_all=\u00bb2px\u00bb border_color_all=\u00bb#FFFFFF\u00bb global_colors_info=\u00bb{}\u00bb]<\/p>\n<h1>Misi\u00f3n<\/h1>\n<p><span>Somos una empresa del sector financiero que busca satisfacer las necesidades de sus clientes, tanto de personas como de organizaciones, ofreci\u00e9ndoles productos y servicios de calidad, l\u00edquidez y con el mejor precio del mercado.<\/span><\/p>\n<p>&nbsp;<\/p>\n<p>[\/et_pb_text][\/et_pb_column][et_pb_column type=\u00bb1_3&#8243; _builder_version=\u00bb4.18.0&#8243; _module_preset=\u00bbdefault\u00bb background_color=\u00bb#77c05f\u00bb global_colors_info=\u00bb{}\u00bb][et_pb_text _builder_version=\u00bb4.18.0&#8243; _module_preset=\u00bbdefault\u00bb background_color=\u00bb#77c05f\u00bb custom_margin=\u00bb15px|15px|15px|15px|true|true\u00bb custom_padding=\u00bb10px|10px|106px|10px|false|false\u00bb border_width_all=\u00bb2px\u00bb border_color_all=\u00bb#FFFFFF\u00bb global_colors_info=\u00bb{}\u00bb]<\/p>\n<h1>Visi\u00f3n<\/h1>\n<p><span>Ser una empresa l\u00edder en microfinanzas.<\/span><\/p>\n<p>&nbsp;<\/p>\n<p>[\/et_pb_text][\/et_pb_column][et_pb_column type=\u00bb1_3&#8243; _builder_version=\u00bb4.18.0&#8243; _module_preset=\u00bbdefault\u00bb background_color=\u00bb#3e79ba\u00bb global_colors_info=\u00bb{}\u00bb][et_pb_text _builder_version=\u00bb4.18.0&#8243; _module_preset=\u00bbdefault\u00bb background_color=\u00bb#3e79ba\u00bb custom_margin=\u00bb15px|15px|15px|15px|true|true\u00bb custom_padding=\u00bb10px|10px|10px|10px|true|true\u00bb hover_enabled=\u00bb0&#8243; border_width_all=\u00bb2px\u00bb border_color_all=\u00bb#FFFFFF\u00bb global_colors_info=\u00bb{}\u00bb sticky_enabled=\u00bb0&#8243;]<\/p>\n<h1>Valores<\/h1>\n<p>\u00a0Amabilidad &#8211; Respeto &#8211; Solidaridad &#8211; Compromiso\u00a0<\/p>\n<p><span><\/span><\/p>\n<p>[\/et_pb_text][\/et_pb_column][\/et_pb_row][\/et_pb_section]<\/p>\n","protected":false},"excerpt":{"rendered":"<p>Historia Nuestra empresa es fundada en el mes de Setiembre del a\u00f1o 1.986, por un grupo peque\u00f1o de colegas de la facultad de Ciencias Econ\u00f3micas de la U.N.A., los que con su aporte de experiencia, capital y mano de obra, dieron inicio a la empresa que en la actualidad es denominada Credi-Efectivo Sociedad An\u00f3nima. Desde [&hellip;]<\/p>\n","protected":false},"author":1,"featured_media":0,"parent":0,"menu_order":0,"comment_status":"closed","ping_status":"closed","template":"","meta":{"_et_pb_use_builder":"on","_et_pb_old_content":"","_et_gb_content_width":"","footnotes":""},"class_list":["post-35","page","type-page","status-publish","hentry"],"_links":{"self":[{"href":"https:\/\/crediefectivosa.com.py\/index.php?rest_route=\/wp\/v2\/pages\/35","targetHints":{"allow":["GET"]}}],"collection":[{"href":"https:\/\/crediefectivosa.com.py\/index.php?rest_route=\/wp\/v2\/pages"}],"about":[{"href":"https:\/\/crediefectivosa.com.py\/index.php?rest_route=\/wp\/v2\/types\/page"}],"author":[{"embeddable":true,"href":"https:\/\/crediefectivosa.com.py\/index.php?rest_route=\/wp\/v2\/users\/1"}],"replies":[{"embeddable":true,"href":"https:\/\/crediefectivosa.com.py\/index.php?rest_route=%2Fwp%2Fv2%2Fcomments&post=35"}],"version-history":[{"count":9,"href":"https:\/\/crediefectivosa.com.py\/index.php?rest_route=\/wp\/v2\/pages\/35\/revisions"}],"predecessor-version":[{"id":252,"href":"https:\/\/crediefectivosa.com.py\/index.php?rest_route=\/wp\/v2\/pages\/35\/revisions\/252"}],"wp:attachment":[{"href":"https:\/\/crediefectivosa.com.py\/index.php?rest_route=%2Fwp%2Fv2%2Fmedia&parent=35"}],"curies":[{"name":"wp","href":"https:\/\/api.w.org\/{rel}","templated":true}]}}