{"id":24,"date":"2022-09-26T20:58:55","date_gmt":"2022-09-26T20:58:55","guid":{"rendered":"https:\/\/crediefectivo.webparaguay.com\/?page_id=24"},"modified":"2022-11-30T19:31:33","modified_gmt":"2022-11-30T19:31:33","slug":"24-2","status":"publish","type":"page","link":"https:\/\/crediefectivosa.com.py\/","title":{"rendered":"Inicio"},"content":{"rendered":"<p>[et_pb_section fb_built=\u00bb1&#8243; fullwidth=\u00bbon\u00bb _builder_version=\u00bb4.18.0&#8243; _module_preset=\u00bbdefault\u00bb global_colors_info=\u00bb{}\u00bb][et_pb_nextend_smart_slider_3_fullwidth _builder_version=\u00bb4.18.0&#8243; _module_preset=\u00bbdefault\u00bb global_colors_info=\u00bb{}\u00bb][\/et_pb_nextend_smart_slider_3_fullwidth][\/et_pb_section][et_pb_section fb_built=\u00bb1&#8243; _builder_version=\u00bb4.18.0&#8243; _module_preset=\u00bbdefault\u00bb background_color=\u00bb#3e79ba\u00bb use_background_color_gradient=\u00bbon\u00bb background_color_gradient_stops=\u00bb#3e79ba 0%|rgba(255,255,255,0) 100%\u00bb background_color_gradient_overlays_image=\u00bbon\u00bb background_image=\u00bbhttps:\/\/crediefectivosa.com.py\/wp-content\/uploads\/2022\/09\/nosotros.png\u00bb custom_margin=\u00bb||||false|false\u00bb custom_padding=\u00bb25px||25%||false|false\u00bb global_colors_info=\u00bb{}\u00bb][et_pb_row _builder_version=\u00bb4.18.0&#8243; _module_preset=\u00bbdefault\u00bb background_color=\u00bb#3e79ba\u00bb custom_padding=\u00bb|10px||10px|false|false\u00bb border_width_all=\u00bb2px\u00bb border_color_all=\u00bb#FFFFFF\u00bb global_colors_info=\u00bb{}\u00bb][et_pb_column type=\u00bb4_4&#8243; _builder_version=\u00bb4.18.0&#8243; _module_preset=\u00bbdefault\u00bb global_colors_info=\u00bb{}\u00bb][et_pb_text _builder_version=\u00bb4.18.0&#8243; _module_preset=\u00bbdefault\u00bb global_colors_info=\u00bb{}\u00bb]<\/p>\n<h1><strong>Nosotros\u00a0<\/strong><\/h1>\n<p>[\/et_pb_text][et_pb_text _builder_version=\u00bb4.18.0&#8243; _module_preset=\u00bbdefault\u00bb global_colors_info=\u00bb{}\u00bb]<\/p>\n<p><span>Somos una casa de cr\u00e9ditos que ofrece prestamos personales.<\/span><\/p>\n<p>[\/et_pb_text][et_pb_button button_text=\u00bbconocenos m\u00e1s\u00bb button_alignment=\u00bbright\u00bb _builder_version=\u00bb4.18.0&#8243; _module_preset=\u00bbdefault\u00bb hover_enabled=\u00bb0&#8243; global_colors_info=\u00bb{}\u00bb button_url=\u00bb\/?page_id=35&#8243; sticky_enabled=\u00bb0&#8243;][\/et_pb_button][\/et_pb_column][\/et_pb_row][\/et_pb_section][et_pb_section fb_built=\u00bb1&#8243; _builder_version=\u00bb4.18.0&#8243; _module_preset=\u00bbdefault\u00bb background_color=\u00bb#77c05f\u00bb custom_padding=\u00bb0px||0px||false|false\u00bb global_colors_info=\u00bb{}\u00bb][\/et_pb_section][et_pb_section fb_built=\u00bb1&#8243; _builder_version=\u00bb4.18.0&#8243; _module_preset=\u00bbdefault\u00bb use_background_color_gradient=\u00bbon\u00bb background_color_gradient_direction=\u00bb90deg\u00bb background_color_gradient_stops=\u00bb#77c05f 0%|#77c05f 100%\u00bb background_color_gradient_overlays_image=\u00bbon\u00bb background_enable_image=\u00bboff\u00bb custom_margin=\u00bb0px|0px|0px|0px|false|false\u00bb custom_padding=\u00bb0px|0px|0px|0px|false|false\u00bb global_module=\u00bb165&#8243; global_colors_info=\u00bb{}\u00bb][et_pb_row column_structure=\u00bb1_3,1_3,1_3&#8243; make_equal=\u00bbon\u00bb module_class=\u00bbprimer_paso\u00bb _builder_version=\u00bb4.18.0&#8243; _module_preset=\u00bbdefault\u00bb width=\u00bb100%\u00bb custom_margin=\u00bb||||false|false\u00bb custom_padding=\u00bb80px||||false|false\u00bb global_colors_info=\u00bb{}\u00bb][et_pb_column type=\u00bb1_3&#8243; _builder_version=\u00bb4.18.0&#8243; _module_preset=\u00bbdefault\u00bb custom_padding=\u00bb20px|20px|20px|20px|false|false\u00bb border_width_all=\u00bb2px\u00bb border_color_all=\u00bb#FFFFFF\u00bb global_colors_info=\u00bb{}\u00bb][et_pb_text _builder_version=\u00bb4.18.0&#8243; _module_preset=\u00bbdefault\u00bb global_colors_info=\u00bb{}\u00bb]<\/p>\n<h3 style=\"text-align: center;\">Tipo de cr\u00e9dito<\/h3>\n<p>[\/et_pb_text][et_pb_text _builder_version=\u00bb4.18.0&#8243; _module_preset=\u00bbdefault\u00bb text_font=\u00bb|800|||||||\u00bb text_font_size=\u00bb26px\u00bb text_orientation=\u00bbcenter\u00bb text_text_shadow_style=\u00bbpreset1&#8243; global_colors_info=\u00bb{}\u00bb]<\/p>\n<p style=\"text-align: center;\">Pr\u00e9stamos Personales<\/p>\n<p>[\/et_pb_text][\/et_pb_column][et_pb_column type=\u00bb1_3&#8243; _builder_version=\u00bb4.18.0&#8243; _module_preset=\u00bbdefault\u00bb custom_padding=\u00bb20px|20px|20px|20px|false|false\u00bb border_width_all=\u00bb2px\u00bb border_color_all=\u00bb#FFFFFF\u00bb global_colors_info=\u00bb{}\u00bb][et_pb_text _builder_version=\u00bb4.18.0&#8243; _module_preset=\u00bbdefault\u00bb global_colors_info=\u00bb{}\u00bb]<\/p>\n<h3 style=\"text-align: center;\">Ingres\u00e1 el monto que necesit\u00e1s<\/h3>\n<p>[\/et_pb_text][et_pb_code _builder_version=\u00bb4.18.0&#8243; _module_preset=\u00bbdefault\u00bb text_orientation=\u00bbcenter\u00bb global_colors_info=\u00bb{}\u00bb]<\/p>\n<form class=\"et_pb_contact_form\" style=\"width:100%;\"><!-- [et_pb_line_break_holder] -->  <pee class=\"et_pb_contact_field et_pb_contact_field_0 et_pb_contact_field_half\" data-id=\"name\" data-type=\"input\" style=\"width:100%;\"><!-- [et_pb_line_break_holder] -->\t\t\t\t<label for=\"et_pb_contact_name_0\" class=\"et_pb_contact_form_label\">Monto en Guaran\u00edes<\/label><!-- [et_pb_line_break_holder] -->\t\t\t\t<input type=\"text\" id=\"monto_guaranies\" class=\"input\" value=\"\" name=\"et_pb_contact_name_0\" data-required_mark=\"required\" data-field_type=\"input\" data-original_id=\"name\" placeholder=\"Monto en Guaran\u00edes\" style=\"width:80%;padding:10px 20px\"><!-- [et_pb_line_break_holder] -->\t\t\t<\/pee><!-- [et_pb_line_break_holder] --><\/form>\n<p>[\/et_pb_code][\/et_pb_column][et_pb_column type=\u00bb1_3&#8243; _builder_version=\u00bb4.18.0&#8243; _module_preset=\u00bbdefault\u00bb custom_padding=\u00bb20px|20px|20px|20px|false|false\u00bb border_width_all=\u00bb2px\u00bb border_color_all=\u00bbrgba(255,255,255,0.47)\u00bb global_colors_info=\u00bb{}\u00bb border_color_all__hover_enabled=\u00bbon|desktop\u00bb border_color_all__hover=\u00bbrgba(255,255,255,0.47)\u00bb][et_pb_text _builder_version=\u00bb4.18.0&#8243; _module_preset=\u00bbdefault\u00bb global_colors_info=\u00bb{}\u00bb]<\/p>\n<h3 style=\"text-align: center;\">El cr\u00e9dito ser\u00e1 por<\/h3>\n<p>[\/et_pb_text][et_pb_text module_id=\u00bbmonto_texto\u00bb _builder_version=\u00bb4.18.0&#8243; _module_preset=\u00bbdefault\u00bb text_font=\u00bb|800|||||||\u00bb text_font_size=\u00bb26px\u00bb text_orientation=\u00bbcenter\u00bb text_text_shadow_style=\u00bbpreset1&#8243; global_colors_info=\u00bb{}\u00bb]<\/p>\n<p style=\"text-align: center;\">&#8212; Gs.<\/p>\n<p>[\/et_pb_text][et_pb_button button_text=\u00bbCalcular Cuotas\u00bb button_alignment=\u00bbcenter\u00bb module_id=\u00bbboton_cuotas\u00bb _builder_version=\u00bb4.18.0&#8243; _module_preset=\u00bbdefault\u00bb global_colors_info=\u00bb{}\u00bb][\/et_pb_button][\/et_pb_column][\/et_pb_row][et_pb_row column_structure=\u00bb1_2,1_2&#8243; make_equal=\u00bbon\u00bb module_class=\u00bbsegundo_paso\u00bb _builder_version=\u00bb4.18.0&#8243; _module_preset=\u00bbdefault\u00bb width=\u00bb100%\u00bb custom_margin=\u00bb||||false|false\u00bb custom_padding=\u00bb80px||||false|false\u00bb global_colors_info=\u00bb{}\u00bb][et_pb_column type=\u00bb1_2&#8243; _builder_version=\u00bb4.18.0&#8243; _module_preset=\u00bbdefault\u00bb custom_padding=\u00bb20px|20px|20px|20px|false|false\u00bb border_width_all=\u00bb2px\u00bb border_color_all=\u00bb#FFFFFF\u00bb global_colors_info=\u00bb{}\u00bb][et_pb_text _builder_version=\u00bb4.18.0&#8243; _module_preset=\u00bbdefault\u00bb global_colors_info=\u00bb{}\u00bb]<\/p>\n<h3 style=\"text-align: center;\">Tipo de cr\u00e9dito<\/h3>\n<p>[\/et_pb_text][et_pb_text _builder_version=\u00bb4.18.0&#8243; _module_preset=\u00bbdefault\u00bb text_font=\u00bb|800|||||||\u00bb text_font_size=\u00bb26px\u00bb text_orientation=\u00bbcenter\u00bb text_text_shadow_style=\u00bbpreset1&#8243; global_colors_info=\u00bb{}\u00bb]<\/p>\n<p style=\"text-align: center;\">Pr\u00e9stamos Personales<\/p>\n<p>[\/et_pb_text][\/et_pb_column][et_pb_column type=\u00bb1_2&#8243; _builder_version=\u00bb4.18.0&#8243; _module_preset=\u00bbdefault\u00bb custom_padding=\u00bb20px|20px|20px|20px|false|false\u00bb border_width_all=\u00bb2px\u00bb border_color_all=\u00bb#FFFFFF\u00bb global_colors_info=\u00bb{}\u00bb][et_pb_text _builder_version=\u00bb4.18.0&#8243; _module_preset=\u00bbdefault\u00bb global_colors_info=\u00bb{}\u00bb]<\/p>\n<h3 style=\"text-align: center;\">El cr\u00e9dito ser\u00e1 por<\/h3>\n<p>[\/et_pb_text][et_pb_text module_id=\u00bbmonto_texto_2&#8243; _builder_version=\u00bb4.18.0&#8243; _module_preset=\u00bbdefault\u00bb text_font=\u00bb|800|||||||\u00bb text_font_size=\u00bb26px\u00bb text_orientation=\u00bbcenter\u00bb text_text_shadow_style=\u00bbpreset1&#8243; global_colors_info=\u00bb{}\u00bb]<\/p>\n<p style=\"text-align: center;\">&#8212; Gs.<\/p>\n<p>[\/et_pb_text][\/et_pb_column][\/et_pb_row][et_pb_row module_class=\u00bbsegundo_paso\u00bb _builder_version=\u00bb4.18.0&#8243; _module_preset=\u00bbdefault\u00bb global_colors_info=\u00bb{}\u00bb][et_pb_column type=\u00bb4_4&#8243; _builder_version=\u00bb4.18.0&#8243; _module_preset=\u00bbdefault\u00bb global_colors_info=\u00bb{}\u00bb][et_pb_button button_text=\u00bbCambiar Datos\u00bb button_alignment=\u00bbcenter\u00bb module_id=\u00bbboton_cambiar\u00bb _builder_version=\u00bb4.18.0&#8243; _module_preset=\u00bbdefault\u00bb custom_margin=\u00bb-30px||||false|false\u00bb custom_padding=\u00bb5px|5px|4px|5px|false|false\u00bb box_shadow_style=\u00bbpreset1&#8243; global_colors_info=\u00bb{}\u00bb][\/et_pb_button][\/et_pb_column][\/et_pb_row][et_pb_row column_structure=\u00bb1_2,1_2&#8243; make_equal=\u00bbon\u00bb module_class=\u00bbsegundo_paso\u00bb _builder_version=\u00bb4.18.0&#8243; _module_preset=\u00bbdefault\u00bb width=\u00bb100%\u00bb custom_margin=\u00bb||||false|false\u00bb custom_padding=\u00bb80px||||false|false\u00bb global_colors_info=\u00bb{}\u00bb][et_pb_column type=\u00bb1_2&#8243; _builder_version=\u00bb4.18.0&#8243; _module_preset=\u00bbdefault\u00bb background_color=\u00bbrgba(12,113,195,0.55)\u00bb custom_padding=\u00bb20px|20px|20px|20px|false|false\u00bb border_width_all=\u00bb2px\u00bb border_color_all=\u00bb#FFFFFF\u00bb global_colors_info=\u00bb{}\u00bb][et_pb_text _builder_version=\u00bb4.18.0&#8243; _module_preset=\u00bbdefault\u00bb global_colors_info=\u00bb{}\u00bb]<\/p>\n<h1 style=\"text-align: center;\">\u00bfEn cuanto meses quer\u00e9s devolverlo?<\/h1>\n<p>[\/et_pb_text][et_pb_code _builder_version=\u00bb4.18.0&#8243; _module_preset=\u00bbdefault\u00bb text_orientation=\u00bbcenter\u00bb global_colors_info=\u00bb{}\u00bb]<\/p>\n<form class=\"et_pb_contact_form\" style=\"width:100%;\"><!-- [et_pb_line_break_holder] -->  <pee class=\"et_pb_contact_field et_pb_contact_field_0 et_pb_contact_field_half\" data-id=\"name\" data-type=\"input\" style=\"width:100%;\"><!-- [et_pb_line_break_holder] -->\t\t\t\t<input type=\"numeric\" id=\"mes\" class=\"input\" min=\"3\" max=\"60\" value=\"\" name=\"et_pb_contact_name_0\" data-required_mark=\"required\" data-field_type=\"input\" data-original_id=\"name\" placeholder=\"Meses\" style=\"width:80%;padding:10px 20px\"><!-- [et_pb_line_break_holder] -->\t\t\t<\/pee><!-- [et_pb_line_break_holder] --><\/form>\n<p>[\/et_pb_code][et_pb_text _builder_version=\u00bb4.18.0&#8243; _module_preset=\u00bbdefault\u00bb text_font_size=\u00bb12px\u00bb text_orientation=\u00bbcenter\u00bb global_colors_info=\u00bb{}\u00bb]<\/p>\n<p>El m\u00ednimo es 6 meses y el m\u00e1ximo es de 24 meses<\/p>\n<p>[\/et_pb_text][\/et_pb_column][et_pb_column type=\u00bb1_2&#8243; _builder_version=\u00bb4.18.0&#8243; _module_preset=\u00bbdefault\u00bb background_color=\u00bbrgba(255,255,255,0.24)\u00bb custom_padding=\u00bb20px|20px|20px|20px|false|false\u00bb border_width_all=\u00bb2px\u00bb border_color_all=\u00bb#FFFFFF\u00bb global_colors_info=\u00bb{}\u00bb][et_pb_text _builder_version=\u00bb4.18.0&#8243; _module_preset=\u00bbdefault\u00bb width=\u00bb50%\u00bb custom_margin=\u00bb23px|||||\u00bb global_colors_info=\u00bb{}\u00bb]<\/p>\n<h2 style=\"text-align: left;\">Cuota Mensual<\/h2>\n<p>[\/et_pb_text][et_pb_text module_id=\u00bbmonto_final\u00bb _builder_version=\u00bb4.18.0&#8243; _module_preset=\u00bbdefault\u00bb text_font=\u00bb|800|||||||\u00bb text_font_size=\u00bb26px\u00bb text_orientation=\u00bbcenter\u00bb width=\u00bb45%\u00bb module_alignment=\u00bbright\u00bb custom_margin=\u00bb||60px|||\u00bb text_text_shadow_style=\u00bbpreset1&#8243; global_colors_info=\u00bb{}\u00bb]<\/p>\n<p style=\"text-align: center;\">&#8212; Gs.<\/p>\n<p>[\/et_pb_text][et_pb_button button_text=\u00bbSolicitar Credito\u00bb button_alignment=\u00bbcenter\u00bb module_id=\u00bbboton_solicitar\u00bb _builder_version=\u00bb4.18.0&#8243; _module_preset=\u00bbdefault\u00bb box_shadow_style=\u00bbpreset1&#8243; global_colors_info=\u00bb{}\u00bb][\/et_pb_button][\/et_pb_column][\/et_pb_row][et_pb_row _builder_version=\u00bb4.18.0&#8243; _module_preset=\u00bbdefault\u00bb global_colors_info=\u00bb{}\u00bb][et_pb_column type=\u00bb4_4&#8243; _builder_version=\u00bb4.18.0&#8243; _module_preset=\u00bbdefault\u00bb global_colors_info=\u00bb{}\u00bb][et_pb_code _builder_version=\u00bb4.18.0&#8243; _module_preset=\u00bbdefault\u00bb global_colors_info=\u00bb{}\u00bb]<script><!-- [et_pb_line_break_holder] -->  <!-- [et_pb_line_break_holder] -->  function calcular(meses,valor){<!-- [et_pb_line_break_holder] -->    return Math.ceil((valor*((0.36\/12)+(1\/meses)))\/50)*50<!-- [et_pb_line_break_holder] -->  }<!-- [et_pb_line_break_holder] -->  <!-- [et_pb_line_break_holder] -->  $(window).load(function() {<!-- [et_pb_line_break_holder] -->    var tipo_credito = \"\"<!-- [et_pb_line_break_holder] -->    var valor = \"\"<!-- [et_pb_line_break_holder] -->    var calculo = 0<!-- [et_pb_line_break_holder] -->    var meses = 6<!-- [et_pb_line_break_holder] -->    $('#boton_cuotas'). prop('disabled', true) <!-- [et_pb_line_break_holder] -->    $('#formulario_monto').hide();<!-- [et_pb_line_break_holder] -->    $('.segundo_paso').hide();<!-- [et_pb_line_break_holder] -->    $('#seleccion_credito').on('change',function(value){<!-- [et_pb_line_break_holder] -->      tipo_credito = this.value<!-- [et_pb_line_break_holder] -->    });<!-- [et_pb_line_break_holder] -->    <!-- [et_pb_line_break_holder] -->    $('#monto_guaranies').on('input', function(val) {<!-- [et_pb_line_break_holder] -->  \t\tlet entrada = $(this);<!-- [et_pb_line_break_holder] -->    \tvalor = entrada.val();<!-- [et_pb_line_break_holder] -->      let valor_numerico = parseFloat(valor);<!-- [et_pb_line_break_holder] -->      if(valor_numerico> 10000){<!-- [et_pb_line_break_holder] -->        $('#boton_cuotas'). prop('disabled', false) <!-- [et_pb_line_break_holder] -->      }<!-- [et_pb_line_break_holder] -->      $(\"#monto_texto\").text(parseInt(valor).toLocaleString('es') + \" Gs.\")<!-- [et_pb_line_break_holder] -->\t\t});<!-- [et_pb_line_break_holder] -->    <!-- [et_pb_line_break_holder] -->    $('#boton_cuotas').on('click', function(e) {<!-- [et_pb_line_break_holder] -->      if(valor<500000 || valor>10000000){<!-- [et_pb_line_break_holder] -->        alert(\"El monto debe estar entre 500.000 a 10.000.000 Gs\");<!-- [et_pb_line_break_holder] -->      }else{<!-- [et_pb_line_break_holder] -->         e.preventDefault();<!-- [et_pb_line_break_holder] -->        $('.segundo_paso').fadeIn('slow');<!-- [et_pb_line_break_holder] -->        $('.primer_paso').slideUp('slow');<!-- [et_pb_line_break_holder] -->        $('#texto_tipo_credito').text(tipo_credito);<!-- [et_pb_line_break_holder] -->        $(\"#monto_texto_2\").text(parseFloat(valor).toLocaleString('es') + \" Gs.\")<!-- [et_pb_line_break_holder] -->        $(\"#mes\").val(meses)<!-- [et_pb_line_break_holder] -->        $(\"#monto_final\").text(parseInt(calcular(meses, valor)).toLocaleString('es') + \" Gs.\")<!-- [et_pb_line_break_holder] -->        }<!-- [et_pb_line_break_holder] -->    });<!-- [et_pb_line_break_holder] -->    <!-- [et_pb_line_break_holder] -->    $('#mes').on('input', function(val) {<!-- [et_pb_line_break_holder] -->  \t\tlet entrada_mes = $(this).val();<!-- [et_pb_line_break_holder] -->      let valor_mes = parseFloat(entrada_mes);<!-- [et_pb_line_break_holder] -->      meses = valor_mes;<!-- [et_pb_line_break_holder] -->      $(\"#monto_final\").text(parseInt(calcular(valor_mes, valor)).toLocaleString('es') + \" Gs.\")<!-- [et_pb_line_break_holder] -->\t\t});<!-- [et_pb_line_break_holder] -->    <!-- [et_pb_line_break_holder] -->    $('#boton_cambiar').on('click', function(e) {<!-- [et_pb_line_break_holder] -->       e.preventDefault();<!-- [et_pb_line_break_holder] -->      $('.primer_paso').slideDown('slow');<!-- [et_pb_line_break_holder] -->      $('.segundo_paso').slideUp('slow');<!-- [et_pb_line_break_holder] -->    });<!-- [et_pb_line_break_holder] -->    <!-- [et_pb_line_break_holder] -->    $('#boton_solicitar').on('click',function(e) {<!-- [et_pb_line_break_holder] -->      if(meses<6 || meses>24){<!-- [et_pb_line_break_holder] -->        alert(\"La cantidad de meses para el cr\u00e9dito debe ser entre 6 y 24 meses\");<!-- [et_pb_line_break_holder] -->      }else{<!-- [et_pb_line_break_holder] -->      \te.preventDefault();<!-- [et_pb_line_break_holder] -->      \t$('#formulario_monto').slideDown('slow');<!-- [et_pb_line_break_holder] -->      \t$('.segundo_paso').slideUp('slow');<!-- [et_pb_line_break_holder] -->      \t$('#et_pb_contact_meses_0').val(parseInt(meses))<!-- [et_pb_line_break_holder] -->      \t$('#et_pb_contact_monto_0').val(parseInt(valor))<!-- [et_pb_line_break_holder] -->      }<!-- [et_pb_line_break_holder] -->    });<!-- [et_pb_line_break_holder] -->}); <!-- [et_pb_line_break_holder] -->  <!-- [et_pb_line_break_holder] --><\/script>[\/et_pb_code][et_pb_contact_form email=\u00bbcorreo@crediefectivosa.com.py\u00bb module_id=\u00bbformulario_monto\u00bb _builder_version=\u00bb4.18.0&#8243; _module_preset=\u00bbdefault\u00bb _unique_id=\u00bb6d37cec1-16f1-4e09-90ca-0191c60fa81a\u00bb background_color=\u00bbrgba(119,192,95,0.7)\u00bb custom_button=\u00bbon\u00bb button_text_color=\u00bb#FFFFFF\u00bb custom_padding=\u00bb30px|20px|20px|20px|false|false\u00bb global_colors_info=\u00bb{}\u00bb][et_pb_contact_field field_id=\u00bbmeses\u00bb field_title=\u00bbCantidad de Meses\u00bb _builder_version=\u00bb4.18.0&#8243; _module_preset=\u00bbdefault\u00bb width=\u00bb50%\u00bb global_colors_info=\u00bb{}\u00bb][\/et_pb_contact_field][et_pb_contact_field field_id=\u00bbmonto\u00bb field_title=\u00bbMonto a solicitar\u00bb _builder_version=\u00bb4.18.0&#8243; _module_preset=\u00bbdefault\u00bb global_colors_info=\u00bb{}\u00bb][\/et_pb_contact_field][et_pb_contact_field field_id=\u00bbnombre\u00bb field_title=\u00bbNombre\u00bb _builder_version=\u00bb4.18.0&#8243; _module_preset=\u00bbdefault\u00bb global_colors_info=\u00bb{}\u00bb][\/et_pb_contact_field][et_pb_contact_field field_id=\u00bbapellidos\u00bb field_title=\u00bbApellidos\u00bb _builder_version=\u00bb4.18.0&#8243; _module_preset=\u00bbdefault\u00bb global_colors_info=\u00bb{}\u00bb][\/et_pb_contact_field][et_pb_contact_field field_id=\u00bbsucursal\u00bb field_title=\u00bbSucursal a retirar\u00bb field_type=\u00bbselect\u00bb select_options=\u00bb%91{%22value%22:%22Casa Matriz &#8211; San Lorenzo%22,%22checked%22:0,%22dragID%22:-1},{%22value%22:%22Sucursal &#8211; Asunci\u00f3n%22,%22checked%22:0,%22dragID%22:0},{%22value%22:%22Otro%22,%22checked%22:0,%22dragID%22:1}%93&#8243; fullwidth_field=\u00bbon\u00bb _builder_version=\u00bb4.18.0&#8243; _module_preset=\u00bbdefault\u00bb global_colors_info=\u00bb{}\u00bb][\/et_pb_contact_field][et_pb_contact_field field_id=\u00bbDocumento\u00bb field_title=\u00bbDocumento de identidad\u00bb allowed_symbols=\u00bbnumbers\u00bb fullwidth_field=\u00bbon\u00bb _builder_version=\u00bb4.18.0&#8243; _module_preset=\u00bbdefault\u00bb global_colors_info=\u00bb{}\u00bb][\/et_pb_contact_field][et_pb_contact_field field_id=\u00bbfec_nacimiento\u00bb field_title=\u00bbFecha de Nacimiento (DD\/MM\/AAAA)\u00bb fullwidth_field=\u00bbon\u00bb _builder_version=\u00bb4.18.0&#8243; _module_preset=\u00bbdefault\u00bb global_colors_info=\u00bb{}\u00bb][\/et_pb_contact_field][et_pb_contact_field field_id=\u00bbsituacion_lab\u00bb field_title=\u00bbSituaci\u00f3n Laboral\u00bb field_type=\u00bbselect\u00bb select_options=\u00bb%91{%22value%22:%22Profesional Independiente%22,%22checked%22:0,%22dragID%22:-1},{%22value%22:%22Empleado Privado%22,%22checked%22:0,%22dragID%22:0},{%22value%22:%22Empleado P\u00fablico Contratado%22,%22checked%22:0,%22dragID%22:1},{%22value%22:%22Empleado P\u00fablico Permanente%22,%22checked%22:0,%22dragID%22:2},{%22value%22:%22Empleado Bancario%22,%22checked%22:0,%22dragID%22:3},{%22value%22:%22Jubilado o Pensionado %22,%22checked%22:0,%22dragID%22:4},{%22value%22:%22Jubilado Bancario%22,%22checked%22:0,%22dragID%22:5},{%22value%22:%22Polic\u00eda o Militar%22,%22checked%22:0,%22dragID%22:6},{%22value%22:%22Desempleado%22,%22checked%22:0,%22dragID%22:7}%93&#8243; _builder_version=\u00bb4.18.0&#8243; _module_preset=\u00bbdefault\u00bb global_colors_info=\u00bb{}\u00bb][\/et_pb_contact_field][et_pb_contact_field field_id=\u00bbingresos\u00bb field_title=\u00bbIngresos mensuales\u00bb field_type=\u00bbselect\u00bb select_options=\u00bb%91{%22value%22:%22menos de 2.000.000%22,%22checked%22:0,%22dragID%22:-1},{%22value%22:%222.000.000 a 4.999.999%22,%22checked%22:0,%22dragID%22:0},{%22value%22:%225.000.000 a 9.999.999%22,%22checked%22:0,%22dragID%22:1},{%22value%22:%2210.000.000 o m\u00e1s%22,%22checked%22:0,%22dragID%22:2}%93&#8243; _builder_version=\u00bb4.18.0&#8243; _module_preset=\u00bbdefault\u00bb global_colors_info=\u00bb{}\u00bb][\/et_pb_contact_field][et_pb_contact_field field_id=\u00bbtelefono\u00bb field_title=\u00bbTel\u00e9fono\u00bb fullwidth_field=\u00bbon\u00bb _builder_version=\u00bb4.18.0&#8243; _module_preset=\u00bbdefault\u00bb global_colors_info=\u00bb{}\u00bb][\/et_pb_contact_field][et_pb_contact_field field_id=\u00bbemail\u00bb field_title=\u00bbCorreo electr\u00f3nico\u00bb fullwidth_field=\u00bbon\u00bb _builder_version=\u00bb4.18.0&#8243; _module_preset=\u00bbdefault\u00bb global_colors_info=\u00bb{}\u00bb][\/et_pb_contact_field][\/et_pb_contact_form][\/et_pb_column][\/et_pb_row][\/et_pb_section]<\/p>\n","protected":false},"excerpt":{"rendered":"<p>Nosotros\u00a0Somos una casa de cr\u00e9ditos que ofrece prestamos personales.Tipo de cr\u00e9ditoPr\u00e9stamos PersonalesIngres\u00e1 el monto que necesit\u00e1sEl cr\u00e9dito ser\u00e1 por&#8212; Gs.Tipo de cr\u00e9ditoPr\u00e9stamos PersonalesEl cr\u00e9dito ser\u00e1 por&#8212; Gs.\u00bfEn cuanto meses quer\u00e9s devolverlo?El m\u00ednimo es 6 meses y el m\u00e1ximo es de 24 mesesCuota Mensual&#8212; Gs.<\/p>\n","protected":false},"author":1,"featured_media":0,"parent":0,"menu_order":0,"comment_status":"closed","ping_status":"closed","template":"","meta":{"_et_pb_use_builder":"on","_et_pb_old_content":"","_et_gb_content_width":"","footnotes":""},"class_list":["post-24","page","type-page","status-publish","hentry"],"_links":{"self":[{"href":"https:\/\/crediefectivosa.com.py\/index.php?rest_route=\/wp\/v2\/pages\/24","targetHints":{"allow":["GET"]}}],"collection":[{"href":"https:\/\/crediefectivosa.com.py\/index.php?rest_route=\/wp\/v2\/pages"}],"about":[{"href":"https:\/\/crediefectivosa.com.py\/index.php?rest_route=\/wp\/v2\/types\/page"}],"author":[{"embeddable":true,"href":"https:\/\/crediefectivosa.com.py\/index.php?rest_route=\/wp\/v2\/users\/1"}],"replies":[{"embeddable":true,"href":"https:\/\/crediefectivosa.com.py\/index.php?rest_route=%2Fwp%2Fv2%2Fcomments&post=24"}],"version-history":[{"count":30,"href":"https:\/\/crediefectivosa.com.py\/index.php?rest_route=\/wp\/v2\/pages\/24\/revisions"}],"predecessor-version":[{"id":255,"href":"https:\/\/crediefectivosa.com.py\/index.php?rest_route=\/wp\/v2\/pages\/24\/revisions\/255"}],"wp:attachment":[{"href":"https:\/\/crediefectivosa.com.py\/index.php?rest_route=%2Fwp%2Fv2%2Fmedia&parent=24"}],"curies":[{"name":"wp","href":"https:\/\/api.w.org\/{rel}","templated":true}]}}